{"id":23092,"date":"2021-11-26T21:25:04","date_gmt":"2021-11-26T21:25:04","guid":{"rendered":"https:\/\/www.outnordtravel.com\/?page_id=23092"},"modified":"2022-10-12T15:00:13","modified_gmt":"2022-10-12T15:00:13","slug":"info-covid19","status":"publish","type":"page","link":"https:\/\/www.outnordtravel.com\/ca\/info-covid19\/","title":{"rendered":"Informaci\u00f3 Covid-19"},"content":{"rendered":"\t\t<div data-elementor-type=\"wp-page\" data-elementor-id=\"23092\" class=\"elementor elementor-23092 elementor-22467\">\n\t\t\t\t\t\t<section class=\"elementor-section elementor-top-section elementor-element elementor-element-b8eb233 elementor-section-boxed elementor-section-height-default elementor-section-height-default wpr-particle-no wpr-jarallax-no wpr-parallax-no wpr-sticky-section-no\" data-id=\"b8eb233\" data-element_type=\"section\" data-settings=\"{&quot;background_background&quot;:&quot;classic&quot;}\">\n\t\t\t\t\t\t<div class=\"elementor-container elementor-column-gap-default\">\n\t\t\t\t\t<div class=\"elementor-column elementor-col-100 elementor-top-column elementor-element elementor-element-64cd124\" data-id=\"64cd124\" data-element_type=\"column\">\n\t\t\t<div class=\"elementor-widget-wrap\">\n\t\t\t\t\t\t\t<\/div>\n\t\t<\/div>\n\t\t\t\t\t<\/div>\n\t\t<\/section>\n\t\t\t\t<section class=\"elementor-section elementor-top-section elementor-element elementor-element-d36687a elementor-section-boxed elementor-section-height-default elementor-section-height-default wpr-particle-no wpr-jarallax-no wpr-parallax-no wpr-sticky-section-no\" data-id=\"d36687a\" data-element_type=\"section\">\n\t\t\t\t\t\t<div class=\"elementor-container elementor-column-gap-default\">\n\t\t\t\t\t<div class=\"elementor-column elementor-col-100 elementor-top-column elementor-element elementor-element-4dc5ac6\" data-id=\"4dc5ac6\" data-element_type=\"column\">\n\t\t\t<div class=\"elementor-widget-wrap elementor-element-populated\">\n\t\t\t\t\t\t<div class=\"elementor-element elementor-element-4eb1aaa elementor-widget elementor-widget-heading\" data-id=\"4eb1aaa\" data-element_type=\"widget\" data-widget_type=\"heading.default\">\n\t\t\t\t\t<h1 class=\"elementor-heading-title elementor-size-default\">Informaci\u00f3 Covid-19<\/h1>\t\t\t\t<\/div>\n\t\t\t\t<div class=\"elementor-element elementor-element-9b30353 elementor-widget elementor-widget-heading\" data-id=\"9b30353\" data-element_type=\"widget\" data-widget_type=\"heading.default\">\n\t\t\t\t\t<h2 class=\"elementor-heading-title elementor-size-default\"><span style=\", sans-serif;font-size: 18px\"><span style=\"font-weight: 700\">Informaci\u00f3 important Covid-19,<\/span><\/span><\/h2>\t\t\t\t<\/div>\n\t\t\t\t<div class=\"elementor-element elementor-element-f938f4c elementor-widget elementor-widget-text-editor\" data-id=\"f938f4c\" data-element_type=\"widget\" data-widget_type=\"text-editor.default\">\n\t\t\t\t\t\t\t\t\t<p>si tens un viatge programat amb nosaltres o si est\u00e0s pensant en reservar un viatge.<\/p><p>Des que el virus de la Covid-19 ha arribat a molts pa\u00efsos de m\u00f3n, sabem que les restriccions de viatge, especialment fora de l&#8217;espai Schengen o EU no s\u00f3n f\u00e0cils. Per aix\u00f2 per ara ens centrem especialment a <strong>oferir-experi\u00e8ncies als Pirineus (Espanya, Fran\u00e7a i Andorra), Alps i Illes Lofoten en Noruega.<\/strong> Tot i que en alguns pa\u00efsos se sol\u00b7liciten proves PCR per entrar o pot haver-hi algun tipus de restriccions, sabem que podem oferir els nostres serveis, sempre que es mantinguin aquestes condicions.<\/p><p><strong>Noruega<\/strong> t\u00e9 restriccions ara mateix d&#8217;entrada, per\u00f2 segons el seu pla d&#8217;obertura, a finals de juny hauria de tornar a obrir amb algun tipus de proves com PCR i esperen arribar a la normalitat d&#8217;obertura a finals de juliol. Aix\u00ed que per aix\u00f2 ens animem a vendre a partir de l&#8217;1 d&#8217;agost aquesta destinaci\u00f3 de les Illes Lofoten amb els programes d&#8217;estiu. A m\u00e9s a m\u00e9s, estan obertes les reserves de Lofoten 2022.<\/p><p>Pel nostre costat s&#8217;haur\u00e0 de viatjar amb les normes establertes en els pa\u00efsos als quals viatgem i amb les proves necess\u00e0ries que demanin (com serien proves tipus PCR).<\/p><p>A <strong>Andorra,<\/strong> el pa\u00eds mant\u00e9 les seves fronteres obertes i la situaci\u00f3 est\u00e0 molt controlada, de manera que s&#8217;espera un estiu amb normalitat.<\/p><p>A <strong>Espanya<\/strong> l&#8217;estat d&#8217;alarma s&#8217;aixeca el 9 de maig i tamb\u00e9 hauria d&#8217;anar tot cap a la normalitat aix\u00ed com a<strong> Fran\u00e7a<\/strong> on partir del 3 de maig aixequen confinament i, encara que s&#8217;hi hagi d&#8217;entrar amb PCR, les activitats de muntanya no han tingut restriccions.<\/p><p>Malgrat tot, som conscients que aquesta situaci\u00f3 pot canviar r\u00e0pidament. Per aquest motiu aconsellem als nostres clients que, tant per la compra del seu bitllet d&#8217;avi\u00f3 com per la del viatge, contractin una <strong>asseguran\u00e7a d&#8217;Anul\u00b7laci\u00f3 de viatge en on la Covid-19 sigui acceptada.<\/strong><br \/>En el nostre cas treballem amb Intermundial i oferim l&#8217;asseguran\u00e7a Ski Aventura amb Anul\u00b7laci\u00f3 de Viatge o el de Multiassist\u00e8ncia amb Anul\u00b7laci\u00f3 de Viatge. Els motius d&#8217;anul\u00b7laci\u00f3 s\u00f3n entre ells la Covid-19, si abans de viatjar fossis positiu per Covid-19 amb PCR.<\/p><p>Nosaltres a m\u00e9s, amb les reserves confirmades, si la destinaci\u00f3 no fos viable a causa de les restriccions en aquest moment, us abonar\u00edem la reserva.<\/p><p>El nostre equip i col\u00b7laboradors seguiran totes les recomanacions de sanitat pel que fa a la Covid-19, adaptant-nos als requisits que marqui l&#8217;evoluci\u00f3 de la pand\u00e8mia.<\/p><p>I el m\u00e9s important, tot i tota la incertesa que ens envolta, nosaltres com a Ag\u00e8ncia com tamb\u00e9 el nostre Staff i Guies de Muntanya <strong>somiem amb poder gaudir del que ens agrada i poder-ho fer amb vosaltres.<\/strong><\/p><p>Us hi esperem!<\/p>\t\t\t\t\t\t\t\t<\/div>\n\t\t\t\t\t<\/div>\n\t\t<\/div>\n\t\t\t\t\t<\/div>\n\t\t<\/section>\n\t\t\t\t<\/div>\n\t\t","protected":false},"excerpt":{"rendered":"<p>Informaci\u00f3 Covid-19 Informaci\u00f3 important Covid-19, si tens un viatge programat amb nosaltres o si est\u00e0s pensant en reservar un viatge. Des que el virus de la Covid-19 ha arribat a molts pa\u00efsos de m\u00f3n, sabem que les restriccions de viatge, especialment fora de l&#8217;espai Schengen o EU no s\u00f3n f\u00e0cils. Per aix\u00f2 per ara ens &#8230; <a title=\"Informaci\u00f3 Covid-19\" class=\"read-more\" href=\"https:\/\/www.outnordtravel.com\/ca\/info-covid19\/\" aria-label=\"Read more about Informaci\u00f3 Covid-19\">Continuar llegint<\/a><\/p>\n","protected":false},"author":4,"featured_media":0,"parent":0,"menu_order":0,"comment_status":"closed","ping_status":"closed","template":"","meta":{"_acf_changed":false,"footnotes":""},"class_list":{"0":"post-23092","1":"page","2":"type-page","3":"status-publish","5":"no-featured-image-padding"},"acf":[],"_links":{"self":[{"href":"https:\/\/www.outnordtravel.com\/ca\/wp-json\/wp\/v2\/pages\/23092","targetHints":{"allow":["GET"]}}],"collection":[{"href":"https:\/\/www.outnordtravel.com\/ca\/wp-json\/wp\/v2\/pages"}],"about":[{"href":"https:\/\/www.outnordtravel.com\/ca\/wp-json\/wp\/v2\/types\/page"}],"author":[{"embeddable":true,"href":"https:\/\/www.outnordtravel.com\/ca\/wp-json\/wp\/v2\/users\/4"}],"replies":[{"embeddable":true,"href":"https:\/\/www.outnordtravel.com\/ca\/wp-json\/wp\/v2\/comments?post=23092"}],"version-history":[{"count":8,"href":"https:\/\/www.outnordtravel.com\/ca\/wp-json\/wp\/v2\/pages\/23092\/revisions"}],"predecessor-version":[{"id":28873,"href":"https:\/\/www.outnordtravel.com\/ca\/wp-json\/wp\/v2\/pages\/23092\/revisions\/28873"}],"wp:attachment":[{"href":"https:\/\/www.outnordtravel.com\/ca\/wp-json\/wp\/v2\/media?parent=23092"}],"curies":[{"name":"wp","href":"https:\/\/api.w.org\/{rel}","templated":true}]}}