{"id":22480,"date":"2021-11-23T18:06:01","date_gmt":"2021-11-23T18:06:01","guid":{"rendered":"https:\/\/www.outnordtravel.com\/?page_id=22480"},"modified":"2022-10-12T14:59:39","modified_gmt":"2022-10-12T14:59:39","slug":"info-covid19","status":"publish","type":"page","link":"https:\/\/www.outnordtravel.com\/fr\/info-covid19\/","title":{"rendered":"Information Covid-19"},"content":{"rendered":"\t\t<div data-elementor-type=\"wp-page\" data-elementor-id=\"22480\" class=\"elementor elementor-22480 elementor-22467\">\n\t\t\t\t\t\t<section class=\"elementor-section elementor-top-section elementor-element elementor-element-d36687a elementor-section-boxed elementor-section-height-default elementor-section-height-default wpr-particle-no wpr-jarallax-no wpr-parallax-no wpr-sticky-section-no\" data-id=\"d36687a\" data-element_type=\"section\" data-settings=\"{&quot;background_background&quot;:&quot;classic&quot;}\">\n\t\t\t\t\t\t<div class=\"elementor-container elementor-column-gap-default\">\n\t\t\t\t\t<div class=\"elementor-column elementor-col-100 elementor-top-column elementor-element elementor-element-0f16225\" data-id=\"0f16225\" data-element_type=\"column\">\n\t\t\t<div class=\"elementor-widget-wrap\">\n\t\t\t\t\t\t\t<\/div>\n\t\t<\/div>\n\t\t\t\t\t<\/div>\n\t\t<\/section>\n\t\t\t\t<section class=\"elementor-section elementor-top-section elementor-element elementor-element-790953f elementor-section-boxed elementor-section-height-default elementor-section-height-default wpr-particle-no wpr-jarallax-no wpr-parallax-no wpr-sticky-section-no\" data-id=\"790953f\" data-element_type=\"section\">\n\t\t\t\t\t\t<div class=\"elementor-container elementor-column-gap-default\">\n\t\t\t\t\t<div class=\"elementor-column elementor-col-100 elementor-top-column elementor-element elementor-element-89c2800\" data-id=\"89c2800\" data-element_type=\"column\">\n\t\t\t<div class=\"elementor-widget-wrap elementor-element-populated\">\n\t\t\t\t\t\t<div class=\"elementor-element elementor-element-f234cbd elementor-widget elementor-widget-heading\" data-id=\"f234cbd\" data-element_type=\"widget\" data-widget_type=\"heading.default\">\n\t\t\t\t\t<h1 class=\"elementor-heading-title elementor-size-default\">Information Covid-19<\/h1>\t\t\t\t<\/div>\n\t\t\t\t<div class=\"elementor-element elementor-element-797fa91 elementor-widget elementor-widget-heading\" data-id=\"797fa91\" data-element_type=\"widget\" data-widget_type=\"heading.default\">\n\t\t\t\t\t<h2 class=\"elementor-heading-title elementor-size-default\"><span style=\", sans-serif;font-size: 18px\"><span style=\"font-weight: 700\">Informations importantes concernant le Covid-19<\/span><\/span><\/h2>\t\t\t\t<\/div>\n\t\t\t\t<div class=\"elementor-element elementor-element-5ec5515 elementor-widget elementor-widget-text-editor\" data-id=\"5ec5515\" data-element_type=\"widget\" data-widget_type=\"text-editor.default\">\n\t\t\t\t\t\t\t\t\t<p>si vous avez un voyage pr\u00e9vu avec nous ou si vous envisagez de r\u00e9server un voyage.<\/p><p>Depuis que le virus Covid-19 a atteint de nombreux pays dans le monde, nous savons qu&rsquo;il n&rsquo;est pas facile de restreindre les voyages, notamment en dehors de l&rsquo;espace Schengen ou de l&rsquo;UE.\u2028 C&rsquo;est pourquoi, pour l&rsquo;instant, <strong>nous nous concentrons surtout sur l&rsquo;offre d&rsquo;exp\u00e9riences dans les Pyr\u00e9n\u00e9es (Espagne, France et Andorre), les Alpes et les \u00eeles Lofoten en Norv\u00e8ge.<\/strong><\/p><p>Bien que dans certains pays, des tests PCR soient n\u00e9cessaires pour entrer ou qu&rsquo;il puisse y avoir des restrictions, nous savons que nous pouvons offrir nos services, tant que ces conditions sont maintenues.<\/p><p>La <strong>Norv\u00e8ge<\/strong> est actuellement soumise \u00e0 des restrictions d&rsquo;entr\u00e9e, mais selon leur plan d&rsquo;ouverture, ils devraient rouvrir \u00e0 la fin du mois de juin avec une sorte de test PCR et ils esp\u00e8rent revenir \u00e0 une ouverture normale \u00e0 la fin du mois de juillet. Nous sommes donc encourag\u00e9s \u00e0 vendre \u00e0 partir du 1er ao\u00fbt cette destination des \u00eeles Lofoten avec les programmes d&rsquo;\u00e9t\u00e9. En outre, les r\u00e9servations pour Lofoten 2022 sont ouvertes.<\/p><p>De notre c\u00f4t\u00e9, nous devons voyager en respectant les r\u00e8gles \u00e9tablies dans les pays o\u00f9 nous nous rendons et en effectuant les tests n\u00e9cessaires qu&rsquo;ils demandent, comme les tests de type PCR.<\/p><p>En <strong>Andorre<\/strong>, le pays garde ses fronti\u00e8res ouvertes et la situation est tr\u00e8s contr\u00f4l\u00e9e, on s&rsquo;attend donc \u00e0 un \u00e9t\u00e9 normal.<br \/>En <strong>Espagne<\/strong>, l&rsquo;\u00e9tat d&rsquo;alerte sera lev\u00e9 le 9 mai et tout devrait revenir \u00e0 la normale, tout comme en <strong>France<\/strong> o\u00f9, \u00e0 partir du 3 mai, le confinement est lev\u00e9 et, bien qu&rsquo;il faille entrer avec la PCR, les activit\u00e9s de montagne n&rsquo;ont pas \u00e9t\u00e9 restreintes.<\/p><p><span lang=\"FR\">Cependant, nous sommes conscients que cette situation peut \u00e9voluer rapidement.<\/span><span lang=\"FR\">\u00a0<\/span>C&rsquo;est pourquoi nous conseillons \u00e0 nos clients, tant pour l&rsquo;achat de leur billet d&rsquo;avion que pour leur voyage, de souscrire une <strong>assurance annulation de voyage o\u00f9 la Covid-19 est accept\u00e9e.<\/strong><br \/>Dans notre cas, nous travaillons avec Intermundial et proposons l&rsquo;assurance Ski Aventure avec annulation de voyage ou l&rsquo;assurance Multi-assistance avec annulation de voyage.\u00a0Les raisons de l&rsquo;annulation comprennent le Covid-19, si vous \u00e9tiez positif au Covid-19 par PCR avant le voyage.<\/p><p>De m\u00eame, pour les r\u00e9servations confirm\u00e9es, si la destination n&rsquo;est pas viable en raison de restrictions \u00e0 ce moment-l\u00e0, nous rembourserons la r\u00e9servation.<\/p><p>Notre \u00e9quipe et nos collaborateurs suivront toutes les recommandations sanitaires concernant Covid-19, en s&rsquo;adaptant aux exigences fix\u00e9es par l&rsquo;\u00e9volution de la pand\u00e9mie.<\/p><p>Et surtout, malgr\u00e9 <span lang=\"FR\">l&rsquo;incertitude qui nous entoure<\/span>, nous en tant qu&rsquo;agence, ainsi que notre \u00e9quipe et nos guides de montagne, <strong>r\u00eavons de pouvoir profiter de ce que nous aimons et de le faire avec vous<\/strong>.<\/p><p>Nous vous attendons !<\/p>\t\t\t\t\t\t\t\t<\/div>\n\t\t\t\t\t<\/div>\n\t\t<\/div>\n\t\t\t\t\t<\/div>\n\t\t<\/section>\n\t\t\t\t<\/div>\n\t\t","protected":false},"excerpt":{"rendered":"<p>Information Covid-19 Informations importantes concernant le Covid-19 si vous avez un voyage pr\u00e9vu avec nous ou si vous envisagez de r\u00e9server un voyage. Depuis que le virus Covid-19 a atteint de nombreux pays dans le monde, nous savons qu&rsquo;il n&rsquo;est pas facile de restreindre les voyages, notamment en dehors de l&rsquo;espace Schengen ou de l&rsquo;UE.\u2028 &#8230; <a title=\"Information Covid-19\" class=\"read-more\" href=\"https:\/\/www.outnordtravel.com\/fr\/info-covid19\/\" aria-label=\"Read more about Information Covid-19\">Lire la suite<\/a><\/p>\n","protected":false},"author":4,"featured_media":0,"parent":0,"menu_order":0,"comment_status":"closed","ping_status":"closed","template":"","meta":{"_acf_changed":false,"footnotes":""},"class_list":{"0":"post-22480","1":"page","2":"type-page","3":"status-publish","5":"no-featured-image-padding"},"acf":[],"_links":{"self":[{"href":"https:\/\/www.outnordtravel.com\/fr\/wp-json\/wp\/v2\/pages\/22480","targetHints":{"allow":["GET"]}}],"collection":[{"href":"https:\/\/www.outnordtravel.com\/fr\/wp-json\/wp\/v2\/pages"}],"about":[{"href":"https:\/\/www.outnordtravel.com\/fr\/wp-json\/wp\/v2\/types\/page"}],"author":[{"embeddable":true,"href":"https:\/\/www.outnordtravel.com\/fr\/wp-json\/wp\/v2\/users\/4"}],"replies":[{"embeddable":true,"href":"https:\/\/www.outnordtravel.com\/fr\/wp-json\/wp\/v2\/comments?post=22480"}],"version-history":[{"count":18,"href":"https:\/\/www.outnordtravel.com\/fr\/wp-json\/wp\/v2\/pages\/22480\/revisions"}],"predecessor-version":[{"id":28870,"href":"https:\/\/www.outnordtravel.com\/fr\/wp-json\/wp\/v2\/pages\/22480\/revisions\/28870"}],"wp:attachment":[{"href":"https:\/\/www.outnordtravel.com\/fr\/wp-json\/wp\/v2\/media?parent=22480"}],"curies":[{"name":"wp","href":"https:\/\/api.w.org\/{rel}","templated":true}]}}