{"id":23102,"date":"2021-11-26T21:33:07","date_gmt":"2021-11-26T21:33:07","guid":{"rendered":"https:\/\/www.outnordtravel.com\/?page_id=23102"},"modified":"2025-07-11T15:27:02","modified_gmt":"2025-07-11T15:27:02","slug":"info-covid19","status":"publish","type":"page","link":"https:\/\/www.outnordtravel.com\/sv\/info-covid19\/","title":{"rendered":"Information Covid-19"},"content":{"rendered":"\t\t<div data-elementor-type=\"wp-page\" data-elementor-id=\"23102\" class=\"elementor elementor-23102 elementor-22467\">\n\t\t\t\t\t\t<section class=\"elementor-section elementor-top-section elementor-element elementor-element-b8eb233 elementor-section-boxed elementor-section-height-default elementor-section-height-default wpr-particle-no wpr-jarallax-no wpr-parallax-no wpr-sticky-section-no\" data-id=\"b8eb233\" data-element_type=\"section\" data-settings=\"{&quot;background_background&quot;:&quot;classic&quot;}\">\n\t\t\t\t\t\t<div class=\"elementor-container elementor-column-gap-default\">\n\t\t\t\t\t<div class=\"elementor-column elementor-col-100 elementor-top-column elementor-element elementor-element-64cd124\" data-id=\"64cd124\" data-element_type=\"column\">\n\t\t\t<div class=\"elementor-widget-wrap\">\n\t\t\t\t\t\t\t<\/div>\n\t\t<\/div>\n\t\t\t\t\t<\/div>\n\t\t<\/section>\n\t\t\t\t<section class=\"elementor-section elementor-top-section elementor-element elementor-element-d36687a elementor-section-boxed elementor-section-height-default elementor-section-height-default wpr-particle-no wpr-jarallax-no wpr-parallax-no wpr-sticky-section-no\" data-id=\"d36687a\" data-element_type=\"section\">\n\t\t\t\t\t\t<div class=\"elementor-container elementor-column-gap-default\">\n\t\t\t\t\t<div class=\"elementor-column elementor-col-100 elementor-top-column elementor-element elementor-element-4dc5ac6\" data-id=\"4dc5ac6\" data-element_type=\"column\">\n\t\t\t<div class=\"elementor-widget-wrap elementor-element-populated\">\n\t\t\t\t\t\t<div class=\"elementor-element elementor-element-8e525eb elementor-widget elementor-widget-heading\" data-id=\"8e525eb\" data-element_type=\"widget\" data-widget_type=\"heading.default\">\n\t\t\t\t\t<h1 class=\"elementor-heading-title elementor-size-default\">Outnordtravel Information Covid-19<\/h1>\t\t\t\t<\/div>\n\t\t\t\t<div class=\"elementor-element elementor-element-9b30353 elementor-widget elementor-widget-heading\" data-id=\"9b30353\" data-element_type=\"widget\" data-widget_type=\"heading.default\">\n\t\t\t\t\t<h2 class=\"elementor-heading-title elementor-size-default\"><p style=\", sans-serif;font-size: 18px\"><span><span style=\"font-weight: 700\">Viktig information Covid-19,<\/span><\/span><span style=\"font-size: 30px\"><\/span><\/p><\/h2>\t\t\t\t<\/div>\n\t\t\t\t<div class=\"elementor-element elementor-element-f938f4c elementor-widget elementor-widget-text-editor\" data-id=\"f938f4c\" data-element_type=\"widget\" data-widget_type=\"text-editor.default\">\n\t\t\t\t\t\t\t\t\t<p>om du har en resa bokad med oss eller om du funderar p\u00e5 att boka en resa den kommande vintern.<\/p><p>Eftersom Covid-19-viruset har n\u00e5tt m\u00e5nga l\u00e4nder i v\u00e4rlden vet vi att reserestriktioner, s\u00e4rskilt utanf\u00f6r Schengenomr\u00e5det eller EU, \u00e4r omfattande.Det \u00e4r d\u00e4rf\u00f6r vi i vinter \u00e4r s\u00e4rskilt fokuserar p\u00e5 att erbjuda dig upplevelser i Pyren\u00e9erna, Andorra, Alperna och Lofoten i Norge.F\u00f6r n\u00e4rvarande \u00e4r gr\u00e4nserna f\u00f6r dessa l\u00e4nder \u00f6ppna och \u00e4ven om PCR-tester i vissa fall beg\u00e4rs f\u00f6r inresa eller det kan finnas vissa begr\u00e4nsningar, vet vi att vi kan erbjuda v\u00e5ra tj\u00e4nster, f\u00f6rutsatt att dessa villkor uppr\u00e4tth\u00e5lls.<\/p><p>Norge har karant\u00e4nbegr\u00e4nsningar men detta betyder inte total isolering hemma, utan snarare begr\u00e4nsar de de f\u00f6rsta tio dagarna av resan till ett boende.Utomhusaktiviteter som promenader, vandring och skid\u00e5kning \u00e4r till\u00e5tna. Begr\u00e4nsa on\u00f6diga kontakter och h\u00e5ll ett avst\u00e5nd p\u00e5 minst 1 meter till personer som inte \u00e4r i samma grupp om du beh\u00f6ver l\u00e4mna ditt boende.<br \/>F\u00f6r v\u00e5rt Lofoten skidprogram har vi inga begr\u00e4nsningar. Vi h\u00e5ller oss i v\u00e5r lodge, vi har en privat b\u00e5t och aktiviteten g\u00f6rs utomhus. Vi rekommenderar starkt att du tar ett PCR-test 72 timmar f\u00f6re din resa.<\/p><p>Andorra f\u00f6rv\u00e4ntas \u00f6ppna skidorterna som normalt och landet begr\u00e4nsar inte intr\u00e4de f\u00f6r EU-medborgare, som i Spanien och Frankrike.<\/p><p>Vi \u00e4r dock medvetna om att denna situation kan f\u00f6r\u00e4ndras snabbt.Av denna anledning rekommenderar vi v\u00e5ra kunder att k\u00f6pa en resef\u00f6rs\u00e4kring d\u00e4r Covid-19 accepteras som anledning f\u00f6r avbest\u00e4llning, b\u00e5de f\u00f6r k\u00f6p av flygbiljetten och f\u00f6r resan.<br \/>I v\u00e5rt fall arbetar vi med Intermundial och erbjuder Ski Adventure-f\u00f6rs\u00e4kringen med avbokningsgaranti. F\u00f6rs\u00e4kringen inkluderar Covid-19 som anledning till avbokningen, om du f\u00f6re resan var positiv f\u00f6r Covid-19 med PCR. Kostnaden f\u00f6r din resa \u00e5terbetalas, den t\u00e4cker ocks\u00e5 alla kostnader f\u00f6r PCR-test om du m\u00e5ste g\u00f6ra det medan du \u00e4r p\u00e5 din resa och kostnaden f\u00f6r hotellet eller boendet om du beh\u00f6ver sitta i karant\u00e4n och inte kan resa fr\u00e5n det land d\u00e4r du befinner dig just nu.<\/p><p>V\u00e5rt team och v\u00e5ra partners kommer att f\u00f6lja alla h\u00e4lsorekommendationer r\u00f6rande Covid-19 och vi anpassar oss till de krav som f\u00f6ljer utvecklingen av pandemin.<br \/>Och viktigast av allt, trots all os\u00e4kerhet som omger oss, dr\u00f6mmer vi som din reseleverant\u00f6r, v\u00e5r personal och v\u00e5ra bergsguider om att kunna njuta av det vi gillar och njuta av det med dig.<br \/>Vi v\u00e4ntar p\u00e5 dig!<\/p>\t\t\t\t\t\t\t\t<\/div>\n\t\t\t\t\t<\/div>\n\t\t<\/div>\n\t\t\t\t\t<\/div>\n\t\t<\/section>\n\t\t\t\t<\/div>\n\t\t","protected":false},"excerpt":{"rendered":"<p>Outnordtravel Information Covid-19 Viktig information Covid-19, om du har en resa bokad med oss eller om du funderar p\u00e5 att boka en resa den kommande vintern. Eftersom Covid-19-viruset har n\u00e5tt m\u00e5nga l\u00e4nder i v\u00e4rlden vet vi att reserestriktioner, s\u00e4rskilt utanf\u00f6r Schengenomr\u00e5det eller EU, \u00e4r omfattande.Det \u00e4r d\u00e4rf\u00f6r vi i vinter \u00e4r s\u00e4rskilt fokuserar p\u00e5 att &#8230; <a title=\"Information Covid-19\" class=\"read-more\" href=\"https:\/\/www.outnordtravel.com\/sv\/info-covid19\/\" aria-label=\"Read more about Information Covid-19\">Leer m\u00e1s<\/a><\/p>\n","protected":false},"author":4,"featured_media":0,"parent":0,"menu_order":0,"comment_status":"closed","ping_status":"closed","template":"","meta":{"_acf_changed":false,"footnotes":""},"class_list":{"0":"post-23102","1":"page","2":"type-page","3":"status-publish","5":"no-featured-image-padding"},"acf":[],"_links":{"self":[{"href":"https:\/\/www.outnordtravel.com\/sv\/wp-json\/wp\/v2\/pages\/23102","targetHints":{"allow":["GET"]}}],"collection":[{"href":"https:\/\/www.outnordtravel.com\/sv\/wp-json\/wp\/v2\/pages"}],"about":[{"href":"https:\/\/www.outnordtravel.com\/sv\/wp-json\/wp\/v2\/types\/page"}],"author":[{"embeddable":true,"href":"https:\/\/www.outnordtravel.com\/sv\/wp-json\/wp\/v2\/users\/4"}],"replies":[{"embeddable":true,"href":"https:\/\/www.outnordtravel.com\/sv\/wp-json\/wp\/v2\/comments?post=23102"}],"version-history":[{"count":10,"href":"https:\/\/www.outnordtravel.com\/sv\/wp-json\/wp\/v2\/pages\/23102\/revisions"}],"predecessor-version":[{"id":48665,"href":"https:\/\/www.outnordtravel.com\/sv\/wp-json\/wp\/v2\/pages\/23102\/revisions\/48665"}],"wp:attachment":[{"href":"https:\/\/www.outnordtravel.com\/sv\/wp-json\/wp\/v2\/media?parent=23102"}],"curies":[{"name":"wp","href":"https:\/\/api.w.org\/{rel}","templated":true}]}}