{"id":23313,"date":"2021-12-10T16:41:27","date_gmt":"2021-12-10T16:41:27","guid":{"rendered":"https:\/\/www.outnordtravel.com\/?page_id=23313"},"modified":"2022-10-12T15:09:40","modified_gmt":"2022-10-12T15:09:40","slug":"forsaljningsvilkor","status":"publish","type":"page","link":"https:\/\/www.outnordtravel.com\/sv\/forsaljningsvilkor\/","title":{"rendered":"GENERELLA  F\u00d6RS\u00c4LJNINGSVILLKOR"},"content":{"rendered":"<h2><strong>GENERELLA F\u00d6RS\u00c4LJNINGSVILLKOR<\/strong><\/h2>\n<p><strong>Anm\u00e4lan:<\/strong><br \/>\nAnm\u00e4lan till en av v\u00e5ra resor inneb\u00e4r att du accepterar v\u00e5ra allm\u00e4nna f\u00f6rs\u00e4ljningsvillkor. Din f\u00f6rfr\u00e5gan m\u00e5ste g\u00f6ras med hj\u00e4lp av registreringsformul\u00e4ret som m\u00e5ste fyllas i och undertecknas innan du skickar det till OUTNORDTRAVEL, tillsammans med en deposition p\u00e5 35% av det totala respriset. Mottagandet av denna deposition inneb\u00e4r att bokningen sker inom de tillg\u00e4ngliga platserna (du kan blockera en plats per telefon i 48 timmar medan du v\u00e4ntar p\u00e5 att bokningen ska tas emot). Du kommer att f\u00e5 en faktura inom tio dagar efter bokningen. \u00c5terst\u00e5ende belopp m\u00e5ste betalas senast 45 dagar f\u00f6re avresedatumet. Om betalning inte har skett senast angivet datum f\u00f6rbeh\u00e5ller sig OUTNORDTRAVEL\u00a0r\u00e4tten att annullera bokningen utan kompensation. I h\u00e4ndelse av en bokning som g\u00f6rs under m\u00e5naden f\u00f6re avresan kommer du att bli ombedd att betala resans totala belopp. F\u00f6r bokningar som g\u00f6rs inom 15 dagar F\u00d6RE avresan kommer vi att beg\u00e4ra omg\u00e5ende betalning med kreditkort.<\/p>\n<p><strong>Formaliteter:<\/strong><br \/>\nDu m\u00e5ste f\u00f6lja h\u00e4lsopolicyn och f\u00f6reskrifterna hela tiden under resan. Under inga omst\u00e4ndigheter kan OUTNORDTRAVEL ers\u00e4tta ditt individuella ansvar f\u00f6r att skaffa all n\u00f6dv\u00e4ndig dokumentation f\u00f6re avresan (pass, visum, vaccinationsbok etc.); eller under sj\u00e4lva resan, inklusive tullbest\u00e4mmelser som t\u00e4cker export av f\u00f6rem\u00e5l. All praktisk information som ges efter bokningen \u00e4r endast avsedd f\u00f6r informations\u00e4ndam\u00e5l och kan inte j\u00e4mst\u00e4llas med v\u00e5rt ansvar. Underl\u00e5tenhet att f\u00f6lja regler, att presentera dokumenten i ordning p\u00e5 avresedagen eller n\u00e5gon f\u00f6rsening (\u00e4ven till f\u00f6ljd av ett fall av force majeure under flyg-, j\u00e4rnv\u00e4gs- eller landtransportresor som vi inte \u00e4r leverant\u00f6rer av), inneb\u00e4r ditt exklusiva ansvar, och kostnaderna kommer att uppst\u00e5 f\u00f6r dig.<\/p>\n<p><strong>F\u00f6rs\u00e4kring:<\/strong><br \/>\nOUTNORDTRAVEL \u00e4r f\u00f6rs\u00e4krat f\u00f6r professionellt ansvar i CATALANA OCCIDENTE. OUTNORDTRAVEL kan dock inte ers\u00e4tta det individuella civilr\u00e4ttsliga ansvar som varje deltagare m\u00e5ste ha. Dessutom \u00e4r det viktigt att t\u00e4ckas av en f\u00f6rs\u00e4kringspolicy med flera risker som t\u00e4cker annullering, l\u00e4ttnader och hemtransportkostnader under resan; sjukv\u00e5rdskostnader; st\u00f6ld av bagage, etc. Vid bokning kommer OUTNORDTRAVEL att erbjuda varje deltagare chansen att k\u00f6pa ett multiriskavtal med f\u00f6rs\u00e4kringsbolaget INTERMUNDIAL. En kopia av de allm\u00e4nna villkoren f\u00f6r denna policy skickas till varje deltagare som har tagit ut den (bifogad fakturan). Denna flerriskf\u00f6rs\u00e4kring kan t\u00e4cka avbokning (se villkoren i f\u00f6ljande punkt); f\u00f6rlust, st\u00f6ld eller skada p\u00e5 bagage; bist\u00e5nd; forskningskostnader, hemtransport och sjukv\u00e5rdskostnader utomlands; individuellt civilr\u00e4ttsligt ansvar. Vi rekommenderar starkt att du k\u00f6per denna f\u00f6rs\u00e4kring. Den har utformats speciellt f\u00f6r att anpassas till villkoren f\u00f6r de resor vi erbjuder. Om du inte k\u00f6per denna f\u00f6rs\u00e4kring kommer vi att be dig innan du avreser att ansvara f\u00f6r allt ansvar och f\u00f6r garantierna i din personliga f\u00f6rs\u00e4kring. Vi beh\u00f6ver ocks\u00e5 din fullst\u00e4ndiga kontaktinformation s\u00e5 att vi kan agera i n\u00f6dsituationer. Om ditt personliga assistansavtal inte inneh\u00e5ller tillr\u00e4ckliga garantier f\u00f6r att ingripa, \u00e4r vi skyldiga att beg\u00e4ra hj\u00e4lp och du \u00e4r skyldig att ta alla kostnader. I alla fall, kom ih\u00e5g att ha en kopia av v\u00e5rt kontrakt (eller, om till\u00e4mpligt, detaljerna i din personliga f\u00f6rs\u00e4kring) med dig under resan, eftersom du \u00e4r ansvarig f\u00f6r att informera f\u00f6rs\u00e4kringsbolaget om alla h\u00e4ndelser (v\u00e5ra lokala partners hj\u00e4lper dig i denna process).<\/p>\n<p><strong>Avbokning:<\/strong><br \/>\nBergsaktiviteter \u00e4r utsatta f\u00f6r v\u00e4derf\u00f6rh\u00e5llanden; dessa kan orsaka \u00e4ndringar och till och med avbryta aktiviteten om guiden anser det n\u00f6dv\u00e4ndigt. Guiden f\u00f6rbeh\u00e5ller sig r\u00e4tten att \u00e4ndra eller avbryta aktiviteten, datum eller plats f\u00f6r aktiviteten, beroende p\u00e5 v\u00e4dret, bergets f\u00f6rh\u00e5llanden eller deltagarnas f\u00f6rh\u00e5llanden. Om du av n\u00e5gon anledning avbokar mer \u00e4n 45 dagar f\u00f6re avresan \u00e5terbetalas den betalade depositionen, minus en avgift p\u00e5 75 euro (75 \u20ac) per person, som inte kan t\u00e4ckas av en avbest\u00e4llningsf\u00f6rs\u00e4kring. Avbokningar senare \u00e4n 45 dagar f\u00f6re avresan \u00e5terbetalas inte. Om du inte anl\u00e4nder p\u00e5 avresedagen av n\u00e5gon anledning ber\u00e4ttigar du inte till n\u00e5gon \u00e5terbetalning. Varje resa som avbryts eller f\u00f6rkortas av deltagaren av n\u00e5gon anledning ger inte n\u00e5gon \u00e5terbetalning.<\/p>\n<p><strong>Flygresa:<\/strong><br \/>\nOUTNORDTRAVEL ansvarar inte f\u00f6r bokning och k\u00f6p av flygbiljetter eller n\u00e5gra extra avgifter f\u00f6r resor mellan ditt hem och avg\u00e5ngsflygplatsen. Vi rekommenderar att du inte k\u00f6per ej \u00e5terbetalningsbara eller ej \u00e4ndringsbara biljetter och se till att du inte g\u00f6r n\u00e5gra viktiga m\u00f6ten dagen innan du avreser eller dagen efter din \u00e5terkomst.<\/p>\n<p><strong>Bagage:<\/strong><br \/>\nUnder flygningar \u00e4r ditt bagage flygbolagets ansvar. Varje tvist under dessa \u00f6verf\u00f6ringar m\u00e5ste hanteras direkt mellan kunden och transport\u00f6ren. Under resten av resan \u00e4r ditt bagage ditt eget personliga ansvar.<\/p>\n<p><strong>Ansvar:<\/strong><br \/>\nBergsaktiviteter inneb\u00e4r en implicit risk. Att anlita tj\u00e4nsten hos en professionell guide inneb\u00e4r att risken minimeras, men inneb\u00e4r ocks\u00e5 att guiden kommer att anv\u00e4nda sina kriterier f\u00f6r att fatta de beslut de anser att de m\u00e5ste med h\u00e4nsyn till omst\u00e4ndigheterna. De ansvarar f\u00f6r gruppen under genomf\u00f6randet av aktiviteten; men det b\u00f6r betonas att noll risk inte finns. Guiden \u00e4r undantagen fr\u00e5n allt ansvar f\u00f6r alla som inte f\u00f6ljer riktlinjerna; agerar oaktsamt; eller \u00e4r under p\u00e5verkan av narkotika eller l\u00e4kemedel under genomf\u00f6randet av den kontrakterade aktiviteten. Deltagarna \u00e4r skyldiga att informera oss om de lider av n\u00e5gon sjukdom som kan p\u00e5verka deras s\u00e4kerhet och \/ eller deras eget liv; eller andra gruppmedlemmars s\u00e4kerhet och \/ eller liv. S\u00e5dana medicinska tillst\u00e5nd inkluderar astma; diabetes; hj\u00e4rtproblem osv .; en nyligen genomf\u00f6rd operation; eller graviditet.<\/p>\n<p>Att fungera som mellanhand mellan kund och tj\u00e4nsteleverant\u00f6rer (guider, transport\u00f6rer, hotell\u00e4gare, godsfraktare, etc.), OUTNORDTRAVEL b\u00f6r inte f\u00f6rv\u00e4xlas med de senare, som alltid har sitt eget ansvar. I h\u00e4ndelse av of\u00f6rutsedda h\u00e4ndelser eller tvingande omst\u00e4ndigheter som involverar s\u00e4kerheten f\u00f6r resan och dess deltagare, f\u00f6rbeh\u00e5ller sig OUTNORDTRAVEL r\u00e4tten, f\u00f6re avg\u00e5ng eller under resan, direkt eller genom dess guider, att \u00e4ndra scheman eller planerade rutter, i dessa fall, har kunden inte r\u00e4tt till ers\u00e4ttning. Alla deltagare m\u00e5ste vara medvetna om att risker av n\u00e5got slag kan uppst\u00e5 p\u00e5 grund av lokala f\u00f6rh\u00e5llanden (avst\u00e5nd fr\u00e5n medicinska centra, brist p\u00e5 kommunikationsmedel, d\u00e5liga f\u00f6rh\u00e5llanden f\u00f6r vissa infrastrukturer osv.). Deltagaren accepterar detta i deras namn och p\u00e5 deras mottagares v\u00e4gnar, med full kunskap om fakta, och \u00e5tar sig att inte skylla p\u00e5 arrang\u00f6ren OUTNORDTRAVEL. Ett gott fysiskt tillst\u00e5nd och en ben\u00e4genhet f\u00f6r en positiv delad upplevelse \u00e4r viktiga tillg\u00e5ngar f\u00f6r den typ av resor vi erbjuder. OUTNORDTRAVEL f\u00f6rbeh\u00e5ller sig r\u00e4tten att n\u00e4r som helst utesluta fr\u00e5n gruppen deltagare vars beteende kan betraktas som en fara f\u00f6r gruppens s\u00e4kerhet; eller f\u00f6r deltagarnas v\u00e4lbefinnande. I detta fall kommer ingen ers\u00e4ttning att betalas ut.<\/p>\n","protected":false},"excerpt":{"rendered":"<p>GENERELLA F\u00d6RS\u00c4LJNINGSVILLKOR Anm\u00e4lan: Anm\u00e4lan till en av v\u00e5ra resor inneb\u00e4r att du accepterar v\u00e5ra allm\u00e4nna f\u00f6rs\u00e4ljningsvillkor. Din f\u00f6rfr\u00e5gan m\u00e5ste g\u00f6ras med hj\u00e4lp av registreringsformul\u00e4ret som m\u00e5ste fyllas i och undertecknas innan du skickar det till OUTNORDTRAVEL, tillsammans med en deposition p\u00e5 35% av det totala respriset. Mottagandet av denna deposition inneb\u00e4r att bokningen sker inom &#8230; <a title=\"GENERELLA  F\u00d6RS\u00c4LJNINGSVILLKOR\" class=\"read-more\" href=\"https:\/\/www.outnordtravel.com\/sv\/forsaljningsvilkor\/\" aria-label=\"Read more about GENERELLA  F\u00d6RS\u00c4LJNINGSVILLKOR\">Leer m\u00e1s<\/a><\/p>\n","protected":false},"author":4,"featured_media":0,"parent":0,"menu_order":0,"comment_status":"closed","ping_status":"closed","template":"","meta":{"_acf_changed":false,"footnotes":""},"class_list":{"0":"post-23313","1":"page","2":"type-page","3":"status-publish","5":"no-featured-image-padding"},"acf":[],"_links":{"self":[{"href":"https:\/\/www.outnordtravel.com\/sv\/wp-json\/wp\/v2\/pages\/23313","targetHints":{"allow":["GET"]}}],"collection":[{"href":"https:\/\/www.outnordtravel.com\/sv\/wp-json\/wp\/v2\/pages"}],"about":[{"href":"https:\/\/www.outnordtravel.com\/sv\/wp-json\/wp\/v2\/types\/page"}],"author":[{"embeddable":true,"href":"https:\/\/www.outnordtravel.com\/sv\/wp-json\/wp\/v2\/users\/4"}],"replies":[{"embeddable":true,"href":"https:\/\/www.outnordtravel.com\/sv\/wp-json\/wp\/v2\/comments?post=23313"}],"version-history":[{"count":4,"href":"https:\/\/www.outnordtravel.com\/sv\/wp-json\/wp\/v2\/pages\/23313\/revisions"}],"predecessor-version":[{"id":28884,"href":"https:\/\/www.outnordtravel.com\/sv\/wp-json\/wp\/v2\/pages\/23313\/revisions\/28884"}],"wp:attachment":[{"href":"https:\/\/www.outnordtravel.com\/sv\/wp-json\/wp\/v2\/media?parent=23313"}],"curies":[{"name":"wp","href":"https:\/\/api.w.org\/{rel}","templated":true}]}}